{"id":24,"date":"2022-07-13T15:30:16","date_gmt":"2022-07-13T13:30:16","guid":{"rendered":"https:\/\/www.emballagedigest.fr\/?page_id=24"},"modified":"2023-03-21T15:36:42","modified_gmt":"2023-03-21T14:36:42","slug":"revue","status":"publish","type":"page","link":"https:\/\/www.emballagedigest.fr\/en\/revue\/","title":{"rendered":"La Revue"},"content":{"rendered":"<figure class=\"wp-block-image size-full is-resized\"><img loading=\"lazy\" decoding=\"async\" src=\"https:\/\/www.emballagedigest.fr\/wp-content\/uploads\/2022\/12\/image_revue2.jpg\" alt=\"\" class=\"wp-image-35101\" width=\"847\" height=\"553\" srcset=\"https:\/\/www.emballagedigest.fr\/wp-content\/uploads\/2022\/12\/image_revue2.jpg 800w, https:\/\/www.emballagedigest.fr\/wp-content\/uploads\/2022\/12\/image_revue2-300x196.jpg 300w, https:\/\/www.emballagedigest.fr\/wp-content\/uploads\/2022\/12\/image_revue2-768x501.jpg 768w, https:\/\/www.emballagedigest.fr\/wp-content\/uploads\/2022\/12\/image_revue2-18x12.jpg 18w\" sizes=\"auto, (max-width: 847px) 100vw, 847px\" \/><\/figure>\n\n\n\n<p><\/p>\n\n\n\n<p>Fond\u00e9 par Georges C. Pottier en 1959, et depuis dirig\u00e9 par la m\u00eame famille, Emballage Digest \u2013 qui tire son nom de la c\u00e9l\u00e8bre revue am\u00e9ricaine Reader\u2019s Digest \u2013 est un magazine mensuel d\u2019information professionnelle destin\u00e9 \u00e0 la fili\u00e8re de l\u2019emballage et des machines de conditionnement, des secteurs de l\u2019agroalimentaire, de la cosm\u00e9tique\/parfumerie et de la parfumerie.<\/p>\n\n\n\n<p>Edit\u00e9 par la S.E.P.E (Soci\u00e9t\u00e9 Europ\u00e9enne de Presse et d\u2019Edition), Emballage Digest est publi\u00e9 \u00e0 raison de 10 num\u00e9ros par an, qui permettent \u00e0 nos abonn\u00e9s \u2013 au travers d\u2019articles, d\u2019interviews et de dossiers th\u00e9matiques \u2013 de suivre l\u2019actualit\u00e9 du secteur et de rester \u00e0 l\u2019\u00e9coute des tendances du march\u00e9 et de l\u2019innovation de ses acteurs.<\/p>\n\n\n\n<p>Emballage Digest est par ailleurs le seul magazine fran\u00e7ais d\u00e9di\u00e9 \u00e0 l\u2019emballage \u00e0 proposer \u00e9galement des contenus en anglais. Il est ainsi largement diffus\u00e9 \u00e0 l\u2019\u00e9chelle europ\u00e9enne lors des principaux salons de la profession.<\/p>\n\n\n\n<p>Disponible en version papier et en digital, le magazine est en effet un partenaire presse incontournable de nombreux \u00e9v\u00e9nements du secteur. Il est compl\u00e9t\u00e9 par notre site internet : <a href=\"http:\/\/www.emballagedigest.fr\/en\/\"><strong>www.emballagedigest.fr<\/strong><\/a>, qui offre aux visiteurs un fil info continu et libre d\u2019acc\u00e8s du monde de l\u2019emballage et du conditionnement.<\/p>\n\n\n\n<p><\/p>\n\n\n\n<p><\/p>\n\n\n\n<figure class=\"wp-block-image size-full is-resized\"><img loading=\"lazy\" decoding=\"async\" src=\"https:\/\/www.emballagedigest.fr\/wp-content\/uploads\/2022\/12\/image_revue1.jpg\" alt=\"\" class=\"wp-image-35102\" width=\"838\" height=\"571\" srcset=\"https:\/\/www.emballagedigest.fr\/wp-content\/uploads\/2022\/12\/image_revue1.jpg 800w, https:\/\/www.emballagedigest.fr\/wp-content\/uploads\/2022\/12\/image_revue1-300x204.jpg 300w, https:\/\/www.emballagedigest.fr\/wp-content\/uploads\/2022\/12\/image_revue1-768x523.jpg 768w, https:\/\/www.emballagedigest.fr\/wp-content\/uploads\/2022\/12\/image_revue1-18x12.jpg 18w\" sizes=\"auto, (max-width: 838px) 100vw, 838px\" \/><\/figure>\n\n\n\n<p><\/p>\n\n\n\n<p><\/p>\n\n\n\n<p>Founded by Georges C. Pottier in 1959, Emballage Digest &#8211; named after the famous American magazine Reader&rsquo;s Digest &#8211; is a monthly trade magazine for the packaging solutions and machinery industry, in the food, cosmetics and perfume sectors.<\/p>\n\n\n\n<p>Published by S.E.P.E. (Soci\u00e9t\u00e9 Europ\u00e9enne de Presse et d&rsquo;Edition), Emballage Digest is published 10 times a year, allowing our subscribers &#8211; through articles, interviews and thematic reports &#8211; to follow the news of the sector and to stay tuned to the market trends and the innovation of its actors.<\/p>\n\n\n\n<p>Emballage Digest is also the only French magazine dedicated to the packaging industry to offer content in English. It is widely distributed on a European scale during the main trade fairs of the industry.<\/p>\n\n\n\n<p>Available in print and digital versions, the magazine is a key press partner for many industry events. It is complemented by our website: <a href=\"http:\/\/www.emballagedigest.fr\/en\/\"><strong>www.emballagedigest.fr<\/strong><\/a>, which offers visitors a continuous and freely accessible news feed from the world of packaging.<\/p>\n\n\n\n<p> <\/p>","protected":false},"excerpt":{"rendered":"<p>Fond\u00e9 par Georges C. Pottier en 1959, et depuis dirig\u00e9 par la m\u00eame famille, Emballage Digest \u2013 qui tire son nom de la c\u00e9l\u00e8bre revue am\u00e9ricaine Reader\u2019s Digest \u2013 est un magazine mensuel d\u2019information professionnelle destin\u00e9 \u00e0 la fili\u00e8re de l\u2019emballage et des machines de conditionnement, des secteurs de l\u2019agroalimentaire, de la cosm\u00e9tique\/parfumerie et de [&hellip;]<\/p>","protected":false},"author":1,"featured_media":0,"parent":0,"menu_order":0,"comment_status":"closed","ping_status":"closed","template":"","meta":{"_acf_changed":false,"inline_featured_image":false,"iawp_total_views":116,"footnotes":""},"class_list":["post-24","page","type-page","status-publish","hentry"],"acf":[],"yoast_head":"<!-- This site is optimized with the Yoast SEO plugin v24.4 - https:\/\/yoast.com\/wordpress\/plugins\/seo\/ -->\n<title>La Revue - Emballage Digest<\/title>\n<meta name=\"robots\" content=\"index, follow, max-snippet:-1, max-image-preview:large, max-video-preview:-1\" \/>\n<link rel=\"canonical\" href=\"https:\/\/www.emballagedigest.fr\/en\/revue\/\" \/>\n<meta property=\"og:locale\" content=\"en_GB\" \/>\n<meta property=\"og:type\" content=\"article\" \/>\n<meta property=\"og:title\" content=\"La Revue - Emballage Digest\" \/>\n<meta property=\"og:description\" content=\"Fond\u00e9 par Georges C. Pottier en 1959, et depuis dirig\u00e9 par la m\u00eame famille, Emballage Digest \u2013 qui tire son nom de la c\u00e9l\u00e8bre revue am\u00e9ricaine Reader\u2019s Digest \u2013 est un magazine mensuel d\u2019information professionnelle destin\u00e9 \u00e0 la fili\u00e8re de l\u2019emballage et des machines de conditionnement, des secteurs de l\u2019agroalimentaire, de la cosm\u00e9tique\/parfumerie et de [&hellip;]\" \/>\n<meta property=\"og:url\" content=\"https:\/\/www.emballagedigest.fr\/en\/revue\/\" \/>\n<meta property=\"og:site_name\" content=\"Emballage Digest\" \/>\n<meta property=\"article:modified_time\" content=\"2023-03-21T14:36:42+00:00\" \/>\n<meta property=\"og:image\" content=\"https:\/\/www.emballagedigest.fr\/wp-content\/uploads\/2022\/12\/image_revue2.jpg\" \/>\n<meta name=\"twitter:card\" content=\"summary_large_image\" \/>\n<meta name=\"twitter:label1\" content=\"Estimated reading time\" \/>\n\t<meta name=\"twitter:data1\" content=\"3 minutes\" \/>\n<script type=\"application\/ld+json\" class=\"yoast-schema-graph\">{\"@context\":\"https:\/\/schema.org\",\"@graph\":[{\"@type\":\"WebPage\",\"@id\":\"https:\/\/www.emballagedigest.fr\/revue\/\",\"url\":\"https:\/\/www.emballagedigest.fr\/revue\/\",\"name\":\"La Revue - Emballage Digest\",\"isPartOf\":{\"@id\":\"https:\/\/www.emballagedigest.fr\/#website\"},\"primaryImageOfPage\":{\"@id\":\"https:\/\/www.emballagedigest.fr\/revue\/#primaryimage\"},\"image\":{\"@id\":\"https:\/\/www.emballagedigest.fr\/revue\/#primaryimage\"},\"thumbnailUrl\":\"https:\/\/www.emballagedigest.fr\/wp-content\/uploads\/2022\/12\/image_revue2.jpg\",\"datePublished\":\"2022-07-13T13:30:16+00:00\",\"dateModified\":\"2023-03-21T14:36:42+00:00\",\"breadcrumb\":{\"@id\":\"https:\/\/www.emballagedigest.fr\/revue\/#breadcrumb\"},\"inLanguage\":\"en-GB\",\"potentialAction\":[{\"@type\":\"ReadAction\",\"target\":[\"https:\/\/www.emballagedigest.fr\/revue\/\"]}]},{\"@type\":\"ImageObject\",\"inLanguage\":\"en-GB\",\"@id\":\"https:\/\/www.emballagedigest.fr\/revue\/#primaryimage\",\"url\":\"https:\/\/www.emballagedigest.fr\/wp-content\/uploads\/2022\/12\/image_revue2.jpg\",\"contentUrl\":\"https:\/\/www.emballagedigest.fr\/wp-content\/uploads\/2022\/12\/image_revue2.jpg\"},{\"@type\":\"BreadcrumbList\",\"@id\":\"https:\/\/www.emballagedigest.fr\/revue\/#breadcrumb\",\"itemListElement\":[{\"@type\":\"ListItem\",\"position\":1,\"name\":\"Accueil\",\"item\":\"https:\/\/www.emballagedigest.fr\/\"},{\"@type\":\"ListItem\",\"position\":2,\"name\":\"La Revue\"}]},{\"@type\":\"WebSite\",\"@id\":\"https:\/\/www.emballagedigest.fr\/#website\",\"url\":\"https:\/\/www.emballagedigest.fr\/\",\"name\":\"Emballage Digest\",\"description\":\"Revue professionnelle sur les emballages\",\"publisher\":{\"@id\":\"https:\/\/www.emballagedigest.fr\/#organization\"},\"potentialAction\":[{\"@type\":\"SearchAction\",\"target\":{\"@type\":\"EntryPoint\",\"urlTemplate\":\"https:\/\/www.emballagedigest.fr\/?s={search_term_string}\"},\"query-input\":{\"@type\":\"PropertyValueSpecification\",\"valueRequired\":true,\"valueName\":\"search_term_string\"}}],\"inLanguage\":\"en-GB\"},{\"@type\":\"Organization\",\"@id\":\"https:\/\/www.emballagedigest.fr\/#organization\",\"name\":\"Emballage Digest\",\"url\":\"https:\/\/www.emballagedigest.fr\/\",\"logo\":{\"@type\":\"ImageObject\",\"inLanguage\":\"en-GB\",\"@id\":\"https:\/\/www.emballagedigest.fr\/#\/schema\/logo\/image\/\",\"url\":\"https:\/\/www.emballagedigest.fr\/wp-content\/uploads\/2022\/07\/logo-ed.png\",\"contentUrl\":\"https:\/\/www.emballagedigest.fr\/wp-content\/uploads\/2022\/07\/logo-ed.png\",\"width\":379,\"height\":75,\"caption\":\"Emballage Digest\"},\"image\":{\"@id\":\"https:\/\/www.emballagedigest.fr\/#\/schema\/logo\/image\/\"}}]}<\/script>\n<!-- \/ Yoast SEO plugin. -->","yoast_head_json":{"title":"La Revue - Emballage Digest","robots":{"index":"index","follow":"follow","max-snippet":"max-snippet:-1","max-image-preview":"max-image-preview:large","max-video-preview":"max-video-preview:-1"},"canonical":"https:\/\/www.emballagedigest.fr\/en\/revue\/","og_locale":"en_GB","og_type":"article","og_title":"La Revue - Emballage Digest","og_description":"Fond\u00e9 par Georges C. Pottier en 1959, et depuis dirig\u00e9 par la m\u00eame famille, Emballage Digest \u2013 qui tire son nom de la c\u00e9l\u00e8bre revue am\u00e9ricaine Reader\u2019s Digest \u2013 est un magazine mensuel d\u2019information professionnelle destin\u00e9 \u00e0 la fili\u00e8re de l\u2019emballage et des machines de conditionnement, des secteurs de l\u2019agroalimentaire, de la cosm\u00e9tique\/parfumerie et de [&hellip;]","og_url":"https:\/\/www.emballagedigest.fr\/en\/revue\/","og_site_name":"Emballage Digest","article_modified_time":"2023-03-21T14:36:42+00:00","og_image":[{"url":"https:\/\/www.emballagedigest.fr\/wp-content\/uploads\/2022\/12\/image_revue2.jpg","type":"","width":"","height":""}],"twitter_card":"summary_large_image","twitter_misc":{"Estimated reading time":"3 minutes"},"schema":{"@context":"https:\/\/schema.org","@graph":[{"@type":"WebPage","@id":"https:\/\/www.emballagedigest.fr\/revue\/","url":"https:\/\/www.emballagedigest.fr\/revue\/","name":"La Revue - Emballage Digest","isPartOf":{"@id":"https:\/\/www.emballagedigest.fr\/#website"},"primaryImageOfPage":{"@id":"https:\/\/www.emballagedigest.fr\/revue\/#primaryimage"},"image":{"@id":"https:\/\/www.emballagedigest.fr\/revue\/#primaryimage"},"thumbnailUrl":"https:\/\/www.emballagedigest.fr\/wp-content\/uploads\/2022\/12\/image_revue2.jpg","datePublished":"2022-07-13T13:30:16+00:00","dateModified":"2023-03-21T14:36:42+00:00","breadcrumb":{"@id":"https:\/\/www.emballagedigest.fr\/revue\/#breadcrumb"},"inLanguage":"en-GB","potentialAction":[{"@type":"ReadAction","target":["https:\/\/www.emballagedigest.fr\/revue\/"]}]},{"@type":"ImageObject","inLanguage":"en-GB","@id":"https:\/\/www.emballagedigest.fr\/revue\/#primaryimage","url":"https:\/\/www.emballagedigest.fr\/wp-content\/uploads\/2022\/12\/image_revue2.jpg","contentUrl":"https:\/\/www.emballagedigest.fr\/wp-content\/uploads\/2022\/12\/image_revue2.jpg"},{"@type":"BreadcrumbList","@id":"https:\/\/www.emballagedigest.fr\/revue\/#breadcrumb","itemListElement":[{"@type":"ListItem","position":1,"name":"Accueil","item":"https:\/\/www.emballagedigest.fr\/"},{"@type":"ListItem","position":2,"name":"La Revue"}]},{"@type":"WebSite","@id":"https:\/\/www.emballagedigest.fr\/#website","url":"https:\/\/www.emballagedigest.fr\/","name":"Emballage Digest","description":"Revue professionnelle sur les emballages","publisher":{"@id":"https:\/\/www.emballagedigest.fr\/#organization"},"potentialAction":[{"@type":"SearchAction","target":{"@type":"EntryPoint","urlTemplate":"https:\/\/www.emballagedigest.fr\/?s={search_term_string}"},"query-input":{"@type":"PropertyValueSpecification","valueRequired":true,"valueName":"search_term_string"}}],"inLanguage":"en-GB"},{"@type":"Organization","@id":"https:\/\/www.emballagedigest.fr\/#organization","name":"Emballage Digest","url":"https:\/\/www.emballagedigest.fr\/","logo":{"@type":"ImageObject","inLanguage":"en-GB","@id":"https:\/\/www.emballagedigest.fr\/#\/schema\/logo\/image\/","url":"https:\/\/www.emballagedigest.fr\/wp-content\/uploads\/2022\/07\/logo-ed.png","contentUrl":"https:\/\/www.emballagedigest.fr\/wp-content\/uploads\/2022\/07\/logo-ed.png","width":379,"height":75,"caption":"Emballage Digest"},"image":{"@id":"https:\/\/www.emballagedigest.fr\/#\/schema\/logo\/image\/"}}]}},"_links":{"self":[{"href":"https:\/\/www.emballagedigest.fr\/en\/wp-json\/wp\/v2\/pages\/24","targetHints":{"allow":["GET"]}}],"collection":[{"href":"https:\/\/www.emballagedigest.fr\/en\/wp-json\/wp\/v2\/pages"}],"about":[{"href":"https:\/\/www.emballagedigest.fr\/en\/wp-json\/wp\/v2\/types\/page"}],"author":[{"embeddable":true,"href":"https:\/\/www.emballagedigest.fr\/en\/wp-json\/wp\/v2\/users\/1"}],"replies":[{"embeddable":true,"href":"https:\/\/www.emballagedigest.fr\/en\/wp-json\/wp\/v2\/comments?post=24"}],"version-history":[{"count":16,"href":"https:\/\/www.emballagedigest.fr\/en\/wp-json\/wp\/v2\/pages\/24\/revisions"}],"predecessor-version":[{"id":35198,"href":"https:\/\/www.emballagedigest.fr\/en\/wp-json\/wp\/v2\/pages\/24\/revisions\/35198"}],"wp:attachment":[{"href":"https:\/\/www.emballagedigest.fr\/en\/wp-json\/wp\/v2\/media?parent=24"}],"curies":[{"name":"wp","href":"https:\/\/api.w.org\/{rel}","templated":true}]}}